{"id":9,"date":"2018-01-14T19:45:25","date_gmt":"2018-01-14T19:45:25","guid":{"rendered":"http:\/\/www.kozidvorek.cz\/?page_id=9"},"modified":"2022-11-10T08:22:40","modified_gmt":"2022-11-10T08:22:40","slug":"kontakt","status":"publish","type":"page","link":"https:\/\/www.kozidvorek.cz\/index.php\/kontakt\/","title":{"rendered":"Kontakt"},"content":{"rendered":"\t\t<div data-elementor-type=\"post\" data-elementor-id=\"9\" class=\"elementor elementor-9\" data-elementor-settings=\"[]\">\n\t\t\t<div class=\"elementor-inner\">\n\t\t\t\t<div class=\"elementor-section-wrap\">\n\t\t\t\t\t\t\t<section data-id=\"e7f00e4\" class=\"elementor-element elementor-element-e7f00e4 elementor-section-boxed elementor-section-height-default elementor-section-height-default elementor-section elementor-top-section\" data-element_type=\"section\">\n\t\t\t\t\t\t<div class=\"elementor-container elementor-column-gap-default\">\n\t\t\t\t<div class=\"elementor-row\">\n\t\t\t\t<div data-id=\"1ae2054\" class=\"elementor-element elementor-element-1ae2054 elementor-column elementor-col-33 elementor-top-column\" data-element_type=\"column\">\n\t\t\t<div class=\"elementor-column-wrap  elementor-element-populated\">\n\t\t\t\t\t<div class=\"elementor-widget-wrap\">\n\t\t\t\t<div data-id=\"70d7fea\" class=\"elementor-element elementor-element-70d7fea elementor-widget elementor-widget-image\" data-element_type=\"image.default\">\n\t\t\t\t<div class=\"elementor-widget-container\">\n\t\t\t\t\t<div class=\"elementor-image\">\n\t\t\t\t\t\t\t\t\t\t<img loading=\"lazy\" decoding=\"async\" width=\"774\" height=\"516\" src=\"https:\/\/www.kozidvorek.cz\/wp-content\/uploads\/2019\/02\/Kozi_dvorek_034-1.jpg\" class=\"attachment-large size-large\" alt=\"\" srcset=\"https:\/\/www.kozidvorek.cz\/wp-content\/uploads\/2019\/02\/Kozi_dvorek_034-1.jpg 774w, https:\/\/www.kozidvorek.cz\/wp-content\/uploads\/2019\/02\/Kozi_dvorek_034-1-300x200.jpg 300w, https:\/\/www.kozidvorek.cz\/wp-content\/uploads\/2019\/02\/Kozi_dvorek_034-1-768x512.jpg 768w\" sizes=\"auto, (max-width: 774px) 100vw, 774px\" \/>\t\t\t\t\t\t\t\t\t\t\t<\/div>\n\t\t\t\t<\/div>\n\t\t\t\t<\/div>\n\t\t\t\t\t\t<\/div>\n\t\t\t<\/div>\n\t\t<\/div>\n\t\t\t\t<div data-id=\"76452e9\" class=\"elementor-element elementor-element-76452e9 elementor-column elementor-col-33 elementor-top-column\" data-element_type=\"column\">\n\t\t\t<div class=\"elementor-column-wrap  elementor-element-populated\">\n\t\t\t\t\t<div class=\"elementor-widget-wrap\">\n\t\t\t\t<div data-id=\"c20edb8\" class=\"elementor-element elementor-element-c20edb8 elementor-widget elementor-widget-image\" data-element_type=\"image.default\">\n\t\t\t\t<div class=\"elementor-widget-container\">\n\t\t\t\t\t<div class=\"elementor-image\">\n\t\t\t\t\t\t\t\t\t\t<img loading=\"lazy\" decoding=\"async\" width=\"812\" height=\"542\" src=\"https:\/\/www.kozidvorek.cz\/wp-content\/uploads\/2018\/01\/Kozi_dvorek_070-1024x683.jpg\" class=\"attachment-large size-large\" alt=\"\" srcset=\"https:\/\/www.kozidvorek.cz\/wp-content\/uploads\/2018\/01\/Kozi_dvorek_070-1024x683.jpg 1024w, https:\/\/www.kozidvorek.cz\/wp-content\/uploads\/2018\/01\/Kozi_dvorek_070-300x200.jpg 300w, https:\/\/www.kozidvorek.cz\/wp-content\/uploads\/2018\/01\/Kozi_dvorek_070-768x512.jpg 768w\" sizes=\"auto, (max-width: 812px) 100vw, 812px\" \/>\t\t\t\t\t\t\t\t\t\t\t<\/div>\n\t\t\t\t<\/div>\n\t\t\t\t<\/div>\n\t\t\t\t\t\t<\/div>\n\t\t\t<\/div>\n\t\t<\/div>\n\t\t\t\t<div data-id=\"b99c1d1\" class=\"elementor-element elementor-element-b99c1d1 elementor-column elementor-col-33 elementor-top-column\" data-element_type=\"column\">\n\t\t\t<div class=\"elementor-column-wrap  elementor-element-populated\">\n\t\t\t\t\t<div class=\"elementor-widget-wrap\">\n\t\t\t\t<div data-id=\"fcb6c8d\" class=\"elementor-element elementor-element-fcb6c8d elementor-widget elementor-widget-image\" data-element_type=\"image.default\">\n\t\t\t\t<div class=\"elementor-widget-container\">\n\t\t\t\t\t<div class=\"elementor-image\">\n\t\t\t\t\t\t\t\t\t\t<img loading=\"lazy\" decoding=\"async\" width=\"812\" height=\"542\" src=\"https:\/\/www.kozidvorek.cz\/wp-content\/uploads\/2019\/02\/Kozi_dvorek_042-1024x684.jpg\" class=\"attachment-large size-large\" alt=\"\" srcset=\"https:\/\/www.kozidvorek.cz\/wp-content\/uploads\/2019\/02\/Kozi_dvorek_042-1024x684.jpg 1024w, https:\/\/www.kozidvorek.cz\/wp-content\/uploads\/2019\/02\/Kozi_dvorek_042-300x200.jpg 300w, https:\/\/www.kozidvorek.cz\/wp-content\/uploads\/2019\/02\/Kozi_dvorek_042-768x513.jpg 768w\" sizes=\"auto, (max-width: 812px) 100vw, 812px\" \/>\t\t\t\t\t\t\t\t\t\t\t<\/div>\n\t\t\t\t<\/div>\n\t\t\t\t<\/div>\n\t\t\t\t\t\t<\/div>\n\t\t\t<\/div>\n\t\t<\/div>\n\t\t\t\t\t\t<\/div>\n\t\t\t<\/div>\n\t\t<\/section>\n\t\t\t\t<section data-id=\"36da2289\" class=\"elementor-element elementor-element-36da2289 elementor-section-boxed elementor-section-height-default elementor-section-height-default elementor-section elementor-top-section\" data-element_type=\"section\">\n\t\t\t\t\t\t<div class=\"elementor-container elementor-column-gap-default\">\n\t\t\t\t<div class=\"elementor-row\">\n\t\t\t\t<div data-id=\"39192882\" class=\"elementor-element elementor-element-39192882 elementor-column elementor-col-100 elementor-top-column\" data-element_type=\"column\">\n\t\t\t<div class=\"elementor-column-wrap  elementor-element-populated\">\n\t\t\t\t\t<div class=\"elementor-widget-wrap\">\n\t\t\t\t<div data-id=\"4faa4fc2\" class=\"elementor-element elementor-element-4faa4fc2 elementor-widget elementor-widget-text-editor\" data-element_type=\"text-editor.default\">\n\t\t\t\t<div class=\"elementor-widget-container\">\n\t\t\t\t\t<div class=\"elementor-text-editor elementor-clearfix\"><p><!-- wp:paragraph {\"align\":\"left\"} --><\/p>\n<p>Dvorsk\u00fd statek s.r.o.<br \/>Ole\u0161enka 10<br \/>582 22 P\u0159ibyslav<\/p>\n<p>I\u010c: 08627011<\/p>\n<p>Firma Dvorsk\u00fd statek s.r.o. je zaps\u00e1na v obchodn\u00edm rejst\u0159\u00edku veden\u00e9m u Krajsk\u00e9ho soudu v Hradci Kr\u00e1lov\u00e9, odd\u00edl C, vlo\u017eka 44712, spisov\u00e1 zna\u010dka C 44712.<\/p>\n<p><strong>Kontakty:<br \/>\u00a0<\/strong><strong>Ml\u00e9\u010dn\u00e9 v\u00fdrobky &#8211; V\u011bra Dvorsk\u00e1<\/strong><br \/>\u00a0Mob.: 775 661 407<br \/>\u00a0Email: info@kozidvorek.cz<\/p>\n<p>\u00a0<strong>Chov koz a chovatelsk\u00e1 stanice Border koli\u00ed &#8211;\u00a0Jan Dvorsk\u00fd<\/strong> <br \/>\u00a0Mob.: 602 360 864<br \/>\u00a0Email: jan.dvorsky@kozidvorek.cz<\/p>\n<p>\u00a0<strong>Chov ovc\u00ed &#8211; Petr Svoboda<\/strong><br \/>\u00a0Mob.: 602 557 927<br \/>\u00a0Email: petr.svoboda@kozidvorek.cz<\/p>\n<p>\u00a0<strong>\u00da\u010detnictv\u00ed, exkurze &#8211; Ad\u00e9la Svobodov\u00e1 Dvorsk\u00e1<\/strong><br \/>\u00a0Mob.: 774 456 809<br \/>\u00a0Email: faktury@kozidvorek.cz<\/p>\n<p>\u00a0<\/p>\n<p><!-- \/wp:paragraph --><!-- wp:paragraph --><\/p>\n<p><strong>\u00a0<\/strong><\/p>\n<p><!-- \/wp:paragraph --><!-- wp:paragraph {\"align\":\"left\"} --><\/p>\n<p style=\"text-align: left;\"><a href=\"https:\/\/www.instagram.com\/kozi_dvorek\/\">instagram<\/a><\/p>\n<p><!-- \/wp:paragraph --><!-- wp:paragraph --><\/p>\n<p><a href=\"https:\/\/www.facebook.com\/kozidvorek\/\">facebook<\/a><\/p>\n<p><!-- \/wp:paragraph --><!-- wp:paragraph --><\/p>\n<p><!-- \/wp:paragraph --><\/p>\n<p>\u00a0<\/p><\/div>\n\t\t\t\t<\/div>\n\t\t\t\t<\/div>\n\t\t\t\t\t\t<\/div>\n\t\t\t<\/div>\n\t\t<\/div>\n\t\t\t\t\t\t<\/div>\n\t\t\t<\/div>\n\t\t<\/section>\n\t\t\t\t<section data-id=\"aa64f00\" class=\"elementor-element elementor-element-aa64f00 elementor-section-boxed elementor-section-height-default elementor-section-height-default elementor-section elementor-top-section\" data-element_type=\"section\">\n\t\t\t\t\t\t<div class=\"elementor-container elementor-column-gap-default\">\n\t\t\t\t<div class=\"elementor-row\">\n\t\t\t\t<div data-id=\"e38caf9\" class=\"elementor-element elementor-element-e38caf9 elementor-column elementor-col-100 elementor-top-column\" data-element_type=\"column\">\n\t\t\t<div class=\"elementor-column-wrap  elementor-element-populated\">\n\t\t\t\t\t<div class=\"elementor-widget-wrap\">\n\t\t\t\t<div data-id=\"9dbc123\" class=\"elementor-element elementor-element-9dbc123 elementor-widget elementor-widget-divider\" data-element_type=\"divider.default\">\n\t\t\t\t<div class=\"elementor-widget-container\">\n\t\t\t\t\t<div class=\"elementor-divider\">\n\t\t\t<span class=\"elementor-divider-separator\"><\/span>\n\t\t<\/div>\n\t\t\t\t<\/div>\n\t\t\t\t<\/div>\n\t\t\t\t\t\t<\/div>\n\t\t\t<\/div>\n\t\t<\/div>\n\t\t\t\t\t\t<\/div>\n\t\t\t<\/div>\n\t\t<\/section>\n\t\t\t\t<section data-id=\"511918c\" class=\"elementor-element elementor-element-511918c elementor-section-boxed elementor-section-height-default elementor-section-height-default elementor-section elementor-top-section\" data-element_type=\"section\">\n\t\t\t\t\t\t<div class=\"elementor-container elementor-column-gap-default\">\n\t\t\t\t<div class=\"elementor-row\">\n\t\t\t\t<div data-id=\"8a59041\" class=\"elementor-element elementor-element-8a59041 elementor-column elementor-col-100 elementor-top-column\" data-element_type=\"column\">\n\t\t\t<div class=\"elementor-column-wrap  elementor-element-populated\">\n\t\t\t\t\t<div class=\"elementor-widget-wrap\">\n\t\t\t\t<div data-id=\"b044e38\" class=\"elementor-element elementor-element-b044e38 elementor-widget elementor-widget-google_maps\" data-element_type=\"google_maps.default\">\n\t\t\t\t<div class=\"elementor-widget-container\">\n\t\t\t<div class=\"elementor-custom-embed\"><iframe frameborder=\"0\" scrolling=\"no\" marginheight=\"0\" marginwidth=\"0\" src=\"https:\/\/maps.google.com\/maps?q=Ole%C5%A1enka%2010%2C%20P%C5%99ibyslav&amp;t=m&amp;z=7&amp;output=embed&amp;iwloc=near\" aria-label=\"Ole\u0161enka 10, P\u0159ibyslav\"><\/iframe><\/div>\t\t<\/div>\n\t\t\t\t<\/div>\n\t\t\t\t\t\t<\/div>\n\t\t\t<\/div>\n\t\t<\/div>\n\t\t\t\t\t\t<\/div>\n\t\t\t<\/div>\n\t\t<\/section>\n\t\t\t\t<section data-id=\"6fad434\" class=\"elementor-element elementor-element-6fad434 elementor-section-boxed elementor-section-height-default elementor-section-height-default elementor-section elementor-top-section\" data-element_type=\"section\">\n\t\t\t\t\t\t<div class=\"elementor-container elementor-column-gap-default\">\n\t\t\t\t<div class=\"elementor-row\">\n\t\t\t\t<div data-id=\"757e500\" class=\"elementor-element elementor-element-757e500 elementor-column elementor-col-100 elementor-top-column\" data-element_type=\"column\">\n\t\t\t<div class=\"elementor-column-wrap  elementor-element-populated\">\n\t\t\t\t\t<div class=\"elementor-widget-wrap\">\n\t\t\t\t<div data-id=\"f0e3928\" class=\"elementor-element elementor-element-f0e3928 elementor-widget elementor-widget-divider\" data-element_type=\"divider.default\">\n\t\t\t\t<div class=\"elementor-widget-container\">\n\t\t\t\t\t<div class=\"elementor-divider\">\n\t\t\t<span class=\"elementor-divider-separator\"><\/span>\n\t\t<\/div>\n\t\t\t\t<\/div>\n\t\t\t\t<\/div>\n\t\t\t\t\t\t<\/div>\n\t\t\t<\/div>\n\t\t<\/div>\n\t\t\t\t\t\t<\/div>\n\t\t\t<\/div>\n\t\t<\/section>\n\t\t\t\t<section data-id=\"c7a1039\" class=\"elementor-element elementor-element-c7a1039 elementor-section-boxed elementor-section-height-default elementor-section-height-default elementor-section elementor-top-section\" data-element_type=\"section\">\n\t\t\t\t\t\t<div class=\"elementor-container elementor-column-gap-default\">\n\t\t\t\t<div class=\"elementor-row\">\n\t\t\t\t<div data-id=\"ecfb563\" class=\"elementor-element elementor-element-ecfb563 elementor-column elementor-col-33 elementor-top-column\" data-element_type=\"column\">\n\t\t\t<div class=\"elementor-column-wrap  elementor-element-populated\">\n\t\t\t\t\t<div class=\"elementor-widget-wrap\">\n\t\t\t\t<div data-id=\"386fe95\" class=\"elementor-element elementor-element-386fe95 elementor-widget elementor-widget-image\" data-element_type=\"image.default\">\n\t\t\t\t<div class=\"elementor-widget-container\">\n\t\t\t\t\t<div class=\"elementor-image\">\n\t\t\t\t\t\t\t\t\t\t<img loading=\"lazy\" decoding=\"async\" width=\"812\" height=\"609\" src=\"https:\/\/www.kozidvorek.cz\/wp-content\/uploads\/2019\/02\/13247817_1143474065694574_5625143637312774812_o-1024x768.jpg\" class=\"attachment-large size-large\" alt=\"\" srcset=\"https:\/\/www.kozidvorek.cz\/wp-content\/uploads\/2019\/02\/13247817_1143474065694574_5625143637312774812_o-1024x768.jpg 1024w, https:\/\/www.kozidvorek.cz\/wp-content\/uploads\/2019\/02\/13247817_1143474065694574_5625143637312774812_o-300x225.jpg 300w, https:\/\/www.kozidvorek.cz\/wp-content\/uploads\/2019\/02\/13247817_1143474065694574_5625143637312774812_o-768x576.jpg 768w, https:\/\/www.kozidvorek.cz\/wp-content\/uploads\/2019\/02\/13247817_1143474065694574_5625143637312774812_o.jpg 2048w\" sizes=\"auto, (max-width: 812px) 100vw, 812px\" \/>\t\t\t\t\t\t\t\t\t\t\t<\/div>\n\t\t\t\t<\/div>\n\t\t\t\t<\/div>\n\t\t\t\t\t\t<\/div>\n\t\t\t<\/div>\n\t\t<\/div>\n\t\t\t\t<div data-id=\"bd4cd11\" class=\"elementor-element elementor-element-bd4cd11 elementor-column elementor-col-33 elementor-top-column\" data-element_type=\"column\">\n\t\t\t<div class=\"elementor-column-wrap  elementor-element-populated\">\n\t\t\t\t\t<div class=\"elementor-widget-wrap\">\n\t\t\t\t<div data-id=\"82b126d\" class=\"elementor-element elementor-element-82b126d elementor-widget elementor-widget-image\" data-element_type=\"image.default\">\n\t\t\t\t<div class=\"elementor-widget-container\">\n\t\t\t\t\t<div class=\"elementor-image\">\n\t\t\t\t\t\t\t\t\t\t<img loading=\"lazy\" decoding=\"async\" width=\"812\" height=\"609\" src=\"https:\/\/www.kozidvorek.cz\/wp-content\/uploads\/2019\/02\/13246217_1143474375694543_1079673424382415811_o-1024x768.jpg\" class=\"attachment-large size-large\" alt=\"\" srcset=\"https:\/\/www.kozidvorek.cz\/wp-content\/uploads\/2019\/02\/13246217_1143474375694543_1079673424382415811_o-1024x768.jpg 1024w, https:\/\/www.kozidvorek.cz\/wp-content\/uploads\/2019\/02\/13246217_1143474375694543_1079673424382415811_o-300x225.jpg 300w, https:\/\/www.kozidvorek.cz\/wp-content\/uploads\/2019\/02\/13246217_1143474375694543_1079673424382415811_o-768x576.jpg 768w, https:\/\/www.kozidvorek.cz\/wp-content\/uploads\/2019\/02\/13246217_1143474375694543_1079673424382415811_o.jpg 2048w\" sizes=\"auto, (max-width: 812px) 100vw, 812px\" \/>\t\t\t\t\t\t\t\t\t\t\t<\/div>\n\t\t\t\t<\/div>\n\t\t\t\t<\/div>\n\t\t\t\t\t\t<\/div>\n\t\t\t<\/div>\n\t\t<\/div>\n\t\t\t\t<div data-id=\"ef6df6b\" class=\"elementor-element elementor-element-ef6df6b elementor-column elementor-col-33 elementor-top-column\" data-element_type=\"column\">\n\t\t\t<div class=\"elementor-column-wrap  elementor-element-populated\">\n\t\t\t\t\t<div class=\"elementor-widget-wrap\">\n\t\t\t\t<div data-id=\"c810e41\" class=\"elementor-element elementor-element-c810e41 elementor-widget elementor-widget-image\" data-element_type=\"image.default\">\n\t\t\t\t<div class=\"elementor-widget-container\">\n\t\t\t\t\t<div class=\"elementor-image\">\n\t\t\t\t\t\t\t\t\t\t<img loading=\"lazy\" decoding=\"async\" width=\"614\" height=\"461\" src=\"https:\/\/www.kozidvorek.cz\/wp-content\/uploads\/2018\/09\/CIMG0237.jpg\" class=\"attachment-large size-large\" alt=\"\" srcset=\"https:\/\/www.kozidvorek.cz\/wp-content\/uploads\/2018\/09\/CIMG0237.jpg 614w, https:\/\/www.kozidvorek.cz\/wp-content\/uploads\/2018\/09\/CIMG0237-300x225.jpg 300w\" sizes=\"auto, (max-width: 614px) 100vw, 614px\" \/>\t\t\t\t\t\t\t\t\t\t\t<\/div>\n\t\t\t\t<\/div>\n\t\t\t\t<\/div>\n\t\t\t\t\t\t<\/div>\n\t\t\t<\/div>\n\t\t<\/div>\n\t\t\t\t\t\t<\/div>\n\t\t\t<\/div>\n\t\t<\/section>\n\t\t\t\t<section data-id=\"608137f\" class=\"elementor-element elementor-element-608137f elementor-section-boxed elementor-section-height-default elementor-section-height-default elementor-section elementor-top-section\" data-element_type=\"section\">\n\t\t\t\t\t\t<div class=\"elementor-container elementor-column-gap-default\">\n\t\t\t\t<div class=\"elementor-row\">\n\t\t\t\t<div data-id=\"dba8e2f\" class=\"elementor-element elementor-element-dba8e2f elementor-column elementor-col-100 elementor-top-column\" data-element_type=\"column\">\n\t\t\t<div class=\"elementor-column-wrap  elementor-element-populated\">\n\t\t\t\t\t<div class=\"elementor-widget-wrap\">\n\t\t\t\t<section data-id=\"5f98d0f\" class=\"elementor-element elementor-element-5f98d0f elementor-section-boxed elementor-section-height-default elementor-section-height-default elementor-section elementor-inner-section\" data-element_type=\"section\">\n\t\t\t\t\t\t<div class=\"elementor-container elementor-column-gap-default\">\n\t\t\t\t<div class=\"elementor-row\">\n\t\t\t\t<div data-id=\"52b660c\" class=\"elementor-element elementor-element-52b660c elementor-column elementor-col-50 elementor-inner-column\" data-element_type=\"column\">\n\t\t\t<div class=\"elementor-column-wrap  elementor-element-populated\">\n\t\t\t\t\t<div class=\"elementor-widget-wrap\">\n\t\t\t\t<div data-id=\"9173109\" class=\"elementor-element elementor-element-9173109 elementor-view-default elementor-position-top elementor-vertical-align-top elementor-widget elementor-widget-icon-box\" data-element_type=\"icon-box.default\">\n\t\t\t\t<div class=\"elementor-widget-container\">\n\t\t\t\t\t<div class=\"elementor-icon-box-wrapper\">\n\t\t\t\t\t<div class=\"elementor-icon-box-icon\">\n\t\t\t\t<a class=\"elementor-icon elementor-animation-\" href=\"https:\/\/www.instagram.com\/kozi_dvorek\/\">\n\t\t\t\t<i class=\"fa fa-instagram\" aria-hidden=\"true\"><\/i>\n\t\t\t\t<\/a>\n\t\t\t<\/div>\n\t\t\t\t\t\t<div class=\"elementor-icon-box-content\">\n\t\t\t\t<h3 class=\"elementor-icon-box-title\">\n\t\t\t\t\t<a href=\"https:\/\/www.instagram.com\/kozi_dvorek\/\"><\/a>\n\t\t\t\t<\/h3>\n\t\t\t\t<p class=\"elementor-icon-box-description\"><\/p>\n\t\t\t<\/div>\n\t\t<\/div>\n\t\t\t\t<\/div>\n\t\t\t\t<\/div>\n\t\t\t\t\t\t<\/div>\n\t\t\t<\/div>\n\t\t<\/div>\n\t\t\t\t<div data-id=\"797777c\" class=\"elementor-element elementor-element-797777c elementor-column elementor-col-50 elementor-inner-column\" data-element_type=\"column\">\n\t\t\t<div class=\"elementor-column-wrap  elementor-element-populated\">\n\t\t\t\t\t<div class=\"elementor-widget-wrap\">\n\t\t\t\t<div data-id=\"5f30eb4\" class=\"elementor-element elementor-element-5f30eb4 elementor-view-default elementor-widget elementor-widget-icon\" data-element_type=\"icon.default\">\n\t\t\t\t<div class=\"elementor-widget-container\">\n\t\t\t\t\t<div class=\"elementor-icon-wrapper\">\n\t\t\t<a class=\"elementor-icon\" href=\"https:\/\/www.facebook.com\/kozidvorek\/\">\n\t\t\t\t<i class=\"fa fa-facebook-official\" aria-hidden=\"true\"><\/i>\n\t\t\t<\/a>\n\t\t<\/div>\n\t\t\t\t<\/div>\n\t\t\t\t<\/div>\n\t\t\t\t\t\t<\/div>\n\t\t\t<\/div>\n\t\t<\/div>\n\t\t\t\t\t\t<\/div>\n\t\t\t<\/div>\n\t\t<\/section>\n\t\t\t\t\t\t<\/div>\n\t\t\t<\/div>\n\t\t<\/div>\n\t\t\t\t\t\t<\/div>\n\t\t\t<\/div>\n\t\t<\/section>\n\t\t\t\t\t\t<\/div>\n\t\t\t<\/div>\n\t\t<\/div>\n\t\t","protected":false},"excerpt":{"rendered":"<p>Dvorsk\u00fd statek s.r.o.Ole\u0161enka 10582 22 P\u0159ibyslav I\u010c: 08627011 Firma Dvorsk\u00fd statek s.r.o. je zaps\u00e1na v obchodn\u00edm rejst\u0159\u00edku veden\u00e9m u Krajsk\u00e9ho soudu v Hradci Kr\u00e1lov\u00e9, odd\u00edl C, vlo\u017eka 44712, spisov\u00e1 zna\u010dka C 44712. Kontakty:\u00a0Ml\u00e9\u010dn\u00e9 v\u00fdrobky &#8211; V\u011bra Dvorsk\u00e1\u00a0Mob.: 775 661 407\u00a0Email: info@kozidvorek.cz \u00a0Chov koz a chovatelsk\u00e1 stanice Border koli\u00ed &#8211;\u00a0Jan Dvorsk\u00fd \u00a0Mob.: 602 360 864\u00a0Email: jan.dvorsky@kozidvorek.cz [&hellip;]<\/p>\n","protected":false},"author":1,"featured_media":0,"parent":0,"menu_order":0,"comment_status":"closed","ping_status":"closed","template":"","meta":{"footnotes":""},"class_list":["post-9","page","type-page","status-publish","hentry"],"_links":{"self":[{"href":"https:\/\/www.kozidvorek.cz\/index.php\/wp-json\/wp\/v2\/pages\/9","targetHints":{"allow":["GET"]}}],"collection":[{"href":"https:\/\/www.kozidvorek.cz\/index.php\/wp-json\/wp\/v2\/pages"}],"about":[{"href":"https:\/\/www.kozidvorek.cz\/index.php\/wp-json\/wp\/v2\/types\/page"}],"author":[{"embeddable":true,"href":"https:\/\/www.kozidvorek.cz\/index.php\/wp-json\/wp\/v2\/users\/1"}],"replies":[{"embeddable":true,"href":"https:\/\/www.kozidvorek.cz\/index.php\/wp-json\/wp\/v2\/comments?post=9"}],"version-history":[{"count":16,"href":"https:\/\/www.kozidvorek.cz\/index.php\/wp-json\/wp\/v2\/pages\/9\/revisions"}],"predecessor-version":[{"id":397,"href":"https:\/\/www.kozidvorek.cz\/index.php\/wp-json\/wp\/v2\/pages\/9\/revisions\/397"}],"wp:attachment":[{"href":"https:\/\/www.kozidvorek.cz\/index.php\/wp-json\/wp\/v2\/media?parent=9"}],"curies":[{"name":"wp","href":"https:\/\/api.w.org\/{rel}","templated":true}]}}