{"id":222,"date":"2019-02-05T12:15:18","date_gmt":"2019-02-05T12:15:18","guid":{"rendered":"http:\/\/www.kozidvorek.cz\/?page_id=222"},"modified":"2025-10-21T14:08:47","modified_gmt":"2025-10-21T14:08:47","slug":"chov-koz-a-ovci","status":"publish","type":"page","link":"https:\/\/www.kozidvorek.cz\/index.php\/chov-koz-a-ovci\/","title":{"rendered":"Chov koz a ovc\u00ed"},"content":{"rendered":"\t\t<div data-elementor-type=\"post\" data-elementor-id=\"222\" class=\"elementor elementor-222\" data-elementor-settings=\"[]\">\n\t\t\t<div class=\"elementor-inner\">\n\t\t\t\t<div class=\"elementor-section-wrap\">\n\t\t\t\t\t\t\t<section data-id=\"15b909c\" class=\"elementor-element elementor-element-15b909c elementor-section-boxed elementor-section-height-default elementor-section-height-default elementor-section elementor-top-section\" data-element_type=\"section\">\n\t\t\t\t\t\t<div class=\"elementor-container elementor-column-gap-default\">\n\t\t\t\t<div class=\"elementor-row\">\n\t\t\t\t<div data-id=\"eca181a\" class=\"elementor-element elementor-element-eca181a elementor-column elementor-col-50 elementor-top-column\" data-element_type=\"column\">\n\t\t\t<div class=\"elementor-column-wrap  elementor-element-populated\">\n\t\t\t\t\t<div class=\"elementor-widget-wrap\">\n\t\t\t\t<div data-id=\"62d17b5\" class=\"elementor-element elementor-element-62d17b5 elementor-widget elementor-widget-image\" data-element_type=\"image.default\">\n\t\t\t\t<div class=\"elementor-widget-container\">\n\t\t\t\t\t<div class=\"elementor-image\">\n\t\t\t\t\t\t\t\t\t\t<img loading=\"lazy\" decoding=\"async\" width=\"812\" height=\"542\" src=\"https:\/\/www.kozidvorek.cz\/wp-content\/uploads\/2019\/04\/LOS_-5851-1024x683.jpg\" class=\"attachment-large size-large\" alt=\"\" srcset=\"https:\/\/www.kozidvorek.cz\/wp-content\/uploads\/2019\/04\/LOS_-5851-1024x683.jpg 1024w, https:\/\/www.kozidvorek.cz\/wp-content\/uploads\/2019\/04\/LOS_-5851-300x200.jpg 300w, https:\/\/www.kozidvorek.cz\/wp-content\/uploads\/2019\/04\/LOS_-5851-768x512.jpg 768w\" sizes=\"auto, (max-width: 812px) 100vw, 812px\" \/>\t\t\t\t\t\t\t\t\t\t\t<\/div>\n\t\t\t\t<\/div>\n\t\t\t\t<\/div>\n\t\t\t\t\t\t<\/div>\n\t\t\t<\/div>\n\t\t<\/div>\n\t\t\t\t<div data-id=\"9846889\" class=\"elementor-element elementor-element-9846889 elementor-column elementor-col-50 elementor-top-column\" data-element_type=\"column\">\n\t\t\t<div class=\"elementor-column-wrap  elementor-element-populated\">\n\t\t\t\t\t<div class=\"elementor-widget-wrap\">\n\t\t\t\t<div data-id=\"1c34269\" class=\"elementor-element elementor-element-1c34269 elementor-widget elementor-widget-image\" data-element_type=\"image.default\">\n\t\t\t\t<div class=\"elementor-widget-container\">\n\t\t\t\t\t<div class=\"elementor-image\">\n\t\t\t\t\t\t\t\t\t\t<img loading=\"lazy\" decoding=\"async\" width=\"812\" height=\"542\" src=\"https:\/\/www.kozidvorek.cz\/wp-content\/uploads\/2019\/04\/LOS_-5786-1024x683.jpg\" class=\"attachment-large size-large\" alt=\"\" srcset=\"https:\/\/www.kozidvorek.cz\/wp-content\/uploads\/2019\/04\/LOS_-5786-1024x683.jpg 1024w, https:\/\/www.kozidvorek.cz\/wp-content\/uploads\/2019\/04\/LOS_-5786-300x200.jpg 300w, https:\/\/www.kozidvorek.cz\/wp-content\/uploads\/2019\/04\/LOS_-5786-768x512.jpg 768w\" sizes=\"auto, (max-width: 812px) 100vw, 812px\" \/>\t\t\t\t\t\t\t\t\t\t\t<\/div>\n\t\t\t\t<\/div>\n\t\t\t\t<\/div>\n\t\t\t\t\t\t<\/div>\n\t\t\t<\/div>\n\t\t<\/div>\n\t\t\t\t\t\t<\/div>\n\t\t\t<\/div>\n\t\t<\/section>\n\t\t\t\t<section data-id=\"2126f4d9\" class=\"elementor-element elementor-element-2126f4d9 elementor-section-content-middle elementor-reverse-tablet elementor-reverse-mobile elementor-section-boxed elementor-section-height-default elementor-section-height-default elementor-section elementor-top-section\" data-element_type=\"section\">\n\t\t\t\t\t\t<div class=\"elementor-container elementor-column-gap-no\">\n\t\t\t\t<div class=\"elementor-row\">\n\t\t\t\t<div data-id=\"421a484e\" class=\"elementor-element elementor-element-421a484e elementor-column elementor-col-100 elementor-top-column\" data-element_type=\"column\">\n\t\t\t<div class=\"elementor-column-wrap  elementor-element-populated\">\n\t\t\t\t\t<div class=\"elementor-widget-wrap\">\n\t\t\t\t<div data-id=\"c716ffb\" class=\"elementor-element elementor-element-c716ffb elementor-widget elementor-widget-heading\" data-element_type=\"heading.default\">\n\t\t\t\t<div class=\"elementor-widget-container\">\n\t\t\t<h3 class=\"elementor-heading-title elementor-size-default\">Plemenn\u00e1 k\u016fzlata a jeh\u0148ata 2025<\/h3>\t\t<\/div>\n\t\t\t\t<\/div>\n\t\t\t\t<div data-id=\"637fb74d\" class=\"elementor-element elementor-element-637fb74d elementor-widget elementor-widget-text-editor\" data-element_type=\"text-editor.default\">\n\t\t\t\t<div class=\"elementor-widget-container\">\n\t\t\t\t\t<div class=\"elementor-text-editor elementor-clearfix\"><p style=\"text-align: left;\">Plemenn\u00ed<strong> kozl\u00edci<\/strong> &#8211; nab\u00edz\u00edme 19m\u011bs\u00edc\u016f star\u00e9ho\u00a0 plemenn\u00e9ho kozla linie <strong>ROHAN<\/strong>\u00a0<b>VT ER<\/b>\u00a0a leto\u0161n\u00edho plemenn\u00e9ho kozl\u00edka linie <strong>HANSI VT EA<\/strong><\/p><p style=\"text-align: left;\"><strong>Plemenn\u00e9 kozi\u010dky s n\u00e1rokem na POP &#8211; pr\u016fb\u011b\u017en\u011b p\u0159ij\u00edm\u00e1me objedn\u00e1vky na plemenn\u00e9 kozi\u010dky pro rok 2026<\/strong><\/p><p style=\"text-align: left;\"><strong>Plemenn\u00cd berani Suffolk<\/strong>\u00a0&#8211; ji\u017e vyprod\u00e1no<\/p><p style=\"text-align: left;\">\u00a0<\/p><\/div>\n\t\t\t\t<\/div>\n\t\t\t\t<\/div>\n\t\t\t\t\t\t<\/div>\n\t\t\t<\/div>\n\t\t<\/div>\n\t\t\t\t\t\t<\/div>\n\t\t\t<\/div>\n\t\t<\/section>\n\t\t\t\t<section data-id=\"ac6504a\" class=\"elementor-element elementor-element-ac6504a elementor-section-boxed elementor-section-height-default elementor-section-height-default elementor-section elementor-top-section\" data-element_type=\"section\">\n\t\t\t\t\t\t<div class=\"elementor-container elementor-column-gap-default\">\n\t\t\t\t<div class=\"elementor-row\">\n\t\t\t\t<div data-id=\"a92830c\" class=\"elementor-element elementor-element-a92830c elementor-column elementor-col-100 elementor-top-column\" data-element_type=\"column\">\n\t\t\t<div class=\"elementor-column-wrap  elementor-element-populated\">\n\t\t\t\t\t<div class=\"elementor-widget-wrap\">\n\t\t\t\t<div data-id=\"ca4d16c\" class=\"elementor-element elementor-element-ca4d16c elementor-widget elementor-widget-text-editor\" data-element_type=\"text-editor.default\">\n\t\t\t\t<div class=\"elementor-widget-container\">\n\t\t\t\t\t<div class=\"elementor-text-editor elementor-clearfix\"><h3 style=\"text-align: center;\"><strong>Pro v\u00edce informac\u00ed m\u016f\u017eete volat na 602557927 nebo 774456809.<\/strong><\/h3><\/div>\n\t\t\t\t<\/div>\n\t\t\t\t<\/div>\n\t\t\t\t\t\t<\/div>\n\t\t\t<\/div>\n\t\t<\/div>\n\t\t\t\t\t\t<\/div>\n\t\t\t<\/div>\n\t\t<\/section>\n\t\t\t\t\t\t<\/div>\n\t\t\t<\/div>\n\t\t<\/div>\n\t\t","protected":false},"excerpt":{"rendered":"<p>Plemenn\u00e1 k\u016fzlata a jeh\u0148ata 2025 Plemenn\u00ed kozl\u00edci &#8211; nab\u00edz\u00edme 19m\u011bs\u00edc\u016f star\u00e9ho\u00a0 plemenn\u00e9ho kozla linie ROHAN\u00a0VT ER\u00a0a leto\u0161n\u00edho plemenn\u00e9ho kozl\u00edka linie HANSI VT EA Plemenn\u00e9 kozi\u010dky s n\u00e1rokem na POP &#8211; pr\u016fb\u011b\u017en\u011b p\u0159ij\u00edm\u00e1me objedn\u00e1vky na plemenn\u00e9 kozi\u010dky pro rok 2026 Plemenn\u00cd berani Suffolk\u00a0&#8211; ji\u017e vyprod\u00e1no \u00a0 Pro v\u00edce informac\u00ed m\u016f\u017eete volat na 602557927 nebo 774456809.<\/p>\n","protected":false},"author":1,"featured_media":0,"parent":0,"menu_order":0,"comment_status":"closed","ping_status":"closed","template":"","meta":{"footnotes":""},"class_list":["post-222","page","type-page","status-publish","hentry"],"_links":{"self":[{"href":"https:\/\/www.kozidvorek.cz\/index.php\/wp-json\/wp\/v2\/pages\/222","targetHints":{"allow":["GET"]}}],"collection":[{"href":"https:\/\/www.kozidvorek.cz\/index.php\/wp-json\/wp\/v2\/pages"}],"about":[{"href":"https:\/\/www.kozidvorek.cz\/index.php\/wp-json\/wp\/v2\/types\/page"}],"author":[{"embeddable":true,"href":"https:\/\/www.kozidvorek.cz\/index.php\/wp-json\/wp\/v2\/users\/1"}],"replies":[{"embeddable":true,"href":"https:\/\/www.kozidvorek.cz\/index.php\/wp-json\/wp\/v2\/comments?post=222"}],"version-history":[{"count":17,"href":"https:\/\/www.kozidvorek.cz\/index.php\/wp-json\/wp\/v2\/pages\/222\/revisions"}],"predecessor-version":[{"id":495,"href":"https:\/\/www.kozidvorek.cz\/index.php\/wp-json\/wp\/v2\/pages\/222\/revisions\/495"}],"wp:attachment":[{"href":"https:\/\/www.kozidvorek.cz\/index.php\/wp-json\/wp\/v2\/media?parent=222"}],"curies":[{"name":"wp","href":"https:\/\/api.w.org\/{rel}","templated":true}]}}